{"id":264,"date":"2025-12-09T01:41:08","date_gmt":"2025-12-09T01:41:08","guid":{"rendered":"https:\/\/patagonaenruta.cl\/?post_type=product&#038;p=264"},"modified":"2025-12-29T03:01:40","modified_gmt":"2025-12-29T03:01:40","slug":"avistamiento-de-flora-y-fauna","status":"publish","type":"product","link":"https:\/\/patagonaenruta.cl\/en\/product\/avistamiento-de-flora-y-fauna\/","title":{"rendered":"Flora &amp; Fauna Watching"},"content":{"rendered":"<p><span style=\"font-weight: 400;\">Responsible observation of guanacos, foxes, birds, native flora, and Patagonian ecosystems.<\/span><\/p>\n<ul>\n<li><span style=\"font-weight: 400;\">In Torres del Paine: natural viewpoints and scenic routes.<\/span><\/li>\n<li><span style=\"font-weight: 400;\">Along the Puerto Natales waterfront: seabirds, forests, mountains, and fjords.<\/span><\/li>\n<\/ul>\n<p><span style=\"font-weight: 400;\">A calm, educational experience perfect for photography.<\/span><\/p>","protected":false},"excerpt":{"rendered":"<p>Observaci\u00f3n responsable de guanacos, zorros, aves, flora nativa y ecosistemas patag\u00f3nicos: En Torres del Paine: miradores naturales y rutas esc\u00e9nicas. En la Costanera de Puerto Natales: aves marinas, bosques, monta\u00f1as y fiordos. Una experiencia tranquila, educativa y perfecta para fotograf\u00eda.<\/p>","protected":false},"featured_media":435,"comment_status":"open","ping_status":"closed","template":"","meta":[],"product_brand":[],"product_cat":[24],"product_tag":[],"class_list":{"0":"post-264","1":"product","2":"type-product","3":"status-publish","4":"has-post-thumbnail","6":"product_cat-tour-catalogo","8":"first","9":"instock","10":"shipping-taxable","11":"product-type-simple"},"_links":{"self":[{"href":"https:\/\/patagonaenruta.cl\/en\/wp-json\/wp\/v2\/product\/264","targetHints":{"allow":["GET"]}}],"collection":[{"href":"https:\/\/patagonaenruta.cl\/en\/wp-json\/wp\/v2\/product"}],"about":[{"href":"https:\/\/patagonaenruta.cl\/en\/wp-json\/wp\/v2\/types\/product"}],"replies":[{"embeddable":true,"href":"https:\/\/patagonaenruta.cl\/en\/wp-json\/wp\/v2\/comments?post=264"}],"wp:featuredmedia":[{"embeddable":true,"href":"https:\/\/patagonaenruta.cl\/en\/wp-json\/wp\/v2\/media\/435"}],"wp:attachment":[{"href":"https:\/\/patagonaenruta.cl\/en\/wp-json\/wp\/v2\/media?parent=264"}],"wp:term":[{"taxonomy":"product_brand","embeddable":true,"href":"https:\/\/patagonaenruta.cl\/en\/wp-json\/wp\/v2\/product_brand?post=264"},{"taxonomy":"product_cat","embeddable":true,"href":"https:\/\/patagonaenruta.cl\/en\/wp-json\/wp\/v2\/product_cat?post=264"},{"taxonomy":"product_tag","embeddable":true,"href":"https:\/\/patagonaenruta.cl\/en\/wp-json\/wp\/v2\/product_tag?post=264"}],"curies":[{"name":"wp","href":"https:\/\/api.w.org\/{rel}","templated":true}]}}