{"id":262,"date":"2025-12-09T01:39:58","date_gmt":"2025-12-09T01:39:58","guid":{"rendered":"https:\/\/patagonaenruta.cl\/?post_type=product&#038;p=262"},"modified":"2025-12-29T02:23:34","modified_gmt":"2025-12-29T02:23:34","slug":"seno-obstruccion-puerto-natales","status":"publish","type":"product","link":"https:\/\/patagonaenruta.cl\/en\/product\/seno-obstruccion-puerto-natales\/","title":{"rendered":"Seno Obstrucci\u00f3n \u2013 Puerto Natales"},"content":{"rendered":"<p><span style=\"font-weight: 400;\">A quiet corner surrounded by mountains, nature, and local traditions.<\/span><\/p>\n<p><span style=\"font-weight: 400;\">Perfect for photography, gentle walks, and complete disconnection offering a different perspective from the traditional view of the \u00daltima Esperanza Province.<\/span><\/p>","protected":false},"excerpt":{"rendered":"<p>Un rinc\u00f3n silencioso rodeado de monta\u00f1as, naturaleza y tradiciones locales. Perfecto para fotograf\u00eda, caminatas suaves y desconexi\u00f3n total una mirada distinta a la mirada tradicional de la Provincia de ultima Esperanza.<\/p>","protected":false},"featured_media":0,"comment_status":"open","ping_status":"closed","template":"","meta":[],"product_brand":[],"product_cat":[24],"product_tag":[],"class_list":{"0":"post-262","1":"product","2":"type-product","3":"status-publish","5":"product_cat-tour-catalogo","7":"first","8":"instock","9":"shipping-taxable","10":"product-type-simple"},"_links":{"self":[{"href":"https:\/\/patagonaenruta.cl\/en\/wp-json\/wp\/v2\/product\/262","targetHints":{"allow":["GET"]}}],"collection":[{"href":"https:\/\/patagonaenruta.cl\/en\/wp-json\/wp\/v2\/product"}],"about":[{"href":"https:\/\/patagonaenruta.cl\/en\/wp-json\/wp\/v2\/types\/product"}],"replies":[{"embeddable":true,"href":"https:\/\/patagonaenruta.cl\/en\/wp-json\/wp\/v2\/comments?post=262"}],"wp:attachment":[{"href":"https:\/\/patagonaenruta.cl\/en\/wp-json\/wp\/v2\/media?parent=262"}],"wp:term":[{"taxonomy":"product_brand","embeddable":true,"href":"https:\/\/patagonaenruta.cl\/en\/wp-json\/wp\/v2\/product_brand?post=262"},{"taxonomy":"product_cat","embeddable":true,"href":"https:\/\/patagonaenruta.cl\/en\/wp-json\/wp\/v2\/product_cat?post=262"},{"taxonomy":"product_tag","embeddable":true,"href":"https:\/\/patagonaenruta.cl\/en\/wp-json\/wp\/v2\/product_tag?post=262"}],"curies":[{"name":"wp","href":"https:\/\/api.w.org\/{rel}","templated":true}]}}