{"id":261,"date":"2025-12-09T01:39:25","date_gmt":"2025-12-09T01:39:25","guid":{"rendered":"https:\/\/patagonaenruta.cl\/?post_type=product&#038;p=261"},"modified":"2026-01-05T16:20:25","modified_gmt":"2026-01-05T16:20:25","slug":"circuito-o-circuito-macizo-paine","status":"publish","type":"product","link":"https:\/\/patagonaenruta.cl\/en\/product\/circuito-o-circuito-macizo-paine\/","title":{"rendered":"O Circuit \/ Paine Massif Circuit"},"content":{"rendered":"<p><span style=\"font-weight: 400;\">The complete circuit around the Paine Massif. Remote wilderness, mountain passes, and the park\u2019s wildest landscapes.<\/span><\/p>\n<p><span style=\"font-weight: 400;\">A demanding experience, suitable only for well-prepared hikers.<\/span><\/p>\n<p><span style=\"font-weight: 400;\">Check availability.<\/span><\/p>","protected":false},"excerpt":{"rendered":"<p>La vuelta completa al macizo Paine. Naturaleza remota, pasos de monta\u00f1a y la cara m\u00e1s salvaje del parque. Experiencia exigente, solo para personas con buena preparaci\u00f3n. Consultar disponibilidad.<\/p>","protected":false},"featured_media":568,"comment_status":"open","ping_status":"closed","template":"","meta":[],"product_brand":[],"product_cat":[24],"product_tag":[],"class_list":{"0":"post-261","1":"product","2":"type-product","3":"status-publish","4":"has-post-thumbnail","6":"product_cat-tour-catalogo","8":"first","9":"instock","10":"shipping-taxable","11":"product-type-simple"},"_links":{"self":[{"href":"https:\/\/patagonaenruta.cl\/en\/wp-json\/wp\/v2\/product\/261","targetHints":{"allow":["GET"]}}],"collection":[{"href":"https:\/\/patagonaenruta.cl\/en\/wp-json\/wp\/v2\/product"}],"about":[{"href":"https:\/\/patagonaenruta.cl\/en\/wp-json\/wp\/v2\/types\/product"}],"replies":[{"embeddable":true,"href":"https:\/\/patagonaenruta.cl\/en\/wp-json\/wp\/v2\/comments?post=261"}],"wp:featuredmedia":[{"embeddable":true,"href":"https:\/\/patagonaenruta.cl\/en\/wp-json\/wp\/v2\/media\/568"}],"wp:attachment":[{"href":"https:\/\/patagonaenruta.cl\/en\/wp-json\/wp\/v2\/media?parent=261"}],"wp:term":[{"taxonomy":"product_brand","embeddable":true,"href":"https:\/\/patagonaenruta.cl\/en\/wp-json\/wp\/v2\/product_brand?post=261"},{"taxonomy":"product_cat","embeddable":true,"href":"https:\/\/patagonaenruta.cl\/en\/wp-json\/wp\/v2\/product_cat?post=261"},{"taxonomy":"product_tag","embeddable":true,"href":"https:\/\/patagonaenruta.cl\/en\/wp-json\/wp\/v2\/product_tag?post=261"}],"curies":[{"name":"wp","href":"https:\/\/api.w.org\/{rel}","templated":true}]}}