{"id":260,"date":"2025-12-09T01:38:53","date_gmt":"2025-12-09T01:38:53","guid":{"rendered":"https:\/\/patagonaenruta.cl\/?post_type=product&#038;p=260"},"modified":"2026-01-05T20:14:53","modified_gmt":"2026-01-05T20:14:53","slug":"circuito-w-torres-del-paine","status":"publish","type":"product","link":"https:\/\/patagonaenruta.cl\/en\/product\/circuito-w-torres-del-paine\/","title":{"rendered":"W Trek \u2013 Torres del Paine"},"content":{"rendered":"<p><span style=\"font-weight: 400;\">The park\u2019s most sought-after trek, featuring iconic viewpoints, valleys, and glaciers.<\/span><\/p>\n<p><span style=\"font-weight: 400;\">A customized itinerary based on the availability of refuges and campsites.<\/span><\/p>\n<p><span style=\"font-weight: 400;\">Check availability.<\/span><\/p>","protected":false},"excerpt":{"rendered":"<p>El trekking m\u00e1s buscado del parque: miradores ic\u00f3nicos, valles y glaciares. Programa personalizado seg\u00fan disponibilidad de refugios y campamentos. Consultar disponibilidad.<\/p>","protected":false},"featured_media":572,"comment_status":"open","ping_status":"closed","template":"","meta":[],"product_brand":[],"product_cat":[24],"product_tag":[],"class_list":{"0":"post-260","1":"product","2":"type-product","3":"status-publish","4":"has-post-thumbnail","6":"product_cat-tour-catalogo","8":"first","9":"instock","10":"shipping-taxable","11":"product-type-simple"},"_links":{"self":[{"href":"https:\/\/patagonaenruta.cl\/en\/wp-json\/wp\/v2\/product\/260","targetHints":{"allow":["GET"]}}],"collection":[{"href":"https:\/\/patagonaenruta.cl\/en\/wp-json\/wp\/v2\/product"}],"about":[{"href":"https:\/\/patagonaenruta.cl\/en\/wp-json\/wp\/v2\/types\/product"}],"replies":[{"embeddable":true,"href":"https:\/\/patagonaenruta.cl\/en\/wp-json\/wp\/v2\/comments?post=260"}],"wp:featuredmedia":[{"embeddable":true,"href":"https:\/\/patagonaenruta.cl\/en\/wp-json\/wp\/v2\/media\/572"}],"wp:attachment":[{"href":"https:\/\/patagonaenruta.cl\/en\/wp-json\/wp\/v2\/media?parent=260"}],"wp:term":[{"taxonomy":"product_brand","embeddable":true,"href":"https:\/\/patagonaenruta.cl\/en\/wp-json\/wp\/v2\/product_brand?post=260"},{"taxonomy":"product_cat","embeddable":true,"href":"https:\/\/patagonaenruta.cl\/en\/wp-json\/wp\/v2\/product_cat?post=260"},{"taxonomy":"product_tag","embeddable":true,"href":"https:\/\/patagonaenruta.cl\/en\/wp-json\/wp\/v2\/product_tag?post=260"}],"curies":[{"name":"wp","href":"https:\/\/api.w.org\/{rel}","templated":true}]}}