{"id":256,"date":"2025-12-09T01:36:21","date_gmt":"2025-12-09T01:36:21","guid":{"rendered":"https:\/\/patagonaenruta.cl\/?post_type=product&#038;p=256"},"modified":"2026-01-05T20:27:07","modified_gmt":"2026-01-05T20:27:07","slug":"alrededores-de-puerto-natales","status":"publish","type":"product","link":"https:\/\/patagonaenruta.cl\/en\/product\/alrededores-de-puerto-natales\/","title":{"rendered":"Puerto Natales Surroundings"},"content":{"rendered":"<p><span style=\"font-weight: 400;\">Scenic routes, gentle walks, photography, and historical landmarks perfect for a relaxed day exploring the area.<\/span><\/p>\n<p><span style=\"font-weight: 400;\">Perfecto para un d\u00eda relajado explorando la zona.<\/span><\/p>","protected":false},"excerpt":{"rendered":"<p>Rutas panor\u00e1micas, caminatas suaves, fotograf\u00eda y puntos hist\u00f3ricos. Perfecto para un d\u00eda relajado explorando la zona.<\/p>","protected":false},"featured_media":0,"comment_status":"open","ping_status":"closed","template":"","meta":[],"product_brand":[],"product_cat":[24],"product_tag":[],"class_list":{"0":"post-256","1":"product","2":"type-product","3":"status-publish","5":"product_cat-tour-catalogo","7":"first","8":"instock","9":"shipping-taxable","10":"product-type-simple"},"_links":{"self":[{"href":"https:\/\/patagonaenruta.cl\/en\/wp-json\/wp\/v2\/product\/256","targetHints":{"allow":["GET"]}}],"collection":[{"href":"https:\/\/patagonaenruta.cl\/en\/wp-json\/wp\/v2\/product"}],"about":[{"href":"https:\/\/patagonaenruta.cl\/en\/wp-json\/wp\/v2\/types\/product"}],"replies":[{"embeddable":true,"href":"https:\/\/patagonaenruta.cl\/en\/wp-json\/wp\/v2\/comments?post=256"}],"wp:attachment":[{"href":"https:\/\/patagonaenruta.cl\/en\/wp-json\/wp\/v2\/media?parent=256"}],"wp:term":[{"taxonomy":"product_brand","embeddable":true,"href":"https:\/\/patagonaenruta.cl\/en\/wp-json\/wp\/v2\/product_brand?post=256"},{"taxonomy":"product_cat","embeddable":true,"href":"https:\/\/patagonaenruta.cl\/en\/wp-json\/wp\/v2\/product_cat?post=256"},{"taxonomy":"product_tag","embeddable":true,"href":"https:\/\/patagonaenruta.cl\/en\/wp-json\/wp\/v2\/product_tag?post=256"}],"curies":[{"name":"wp","href":"https:\/\/api.w.org\/{rel}","templated":true}]}}