{"id":255,"date":"2025-12-09T01:35:42","date_gmt":"2025-12-09T01:35:42","guid":{"rendered":"https:\/\/patagonaenruta.cl\/?post_type=product&#038;p=255"},"modified":"2025-12-29T02:22:38","modified_gmt":"2025-12-29T02:22:38","slug":"experiencia-en-estancias-patagonicas-y-almuerzo","status":"publish","type":"product","link":"https:\/\/patagonaenruta.cl\/en\/product\/experiencia-en-estancias-patagonicas-y-almuerzo\/","title":{"rendered":"Patagonian Estancia Experience with Lunch"},"content":{"rendered":"<p><span style=\"font-weight: 400;\">Tradition, rural life, Patagonian barbecue, horses, sheep, and the gaucho culture of the far south.<\/span><\/p>\n<p><span style=\"font-weight: 400;\">An authentic and close-to-the-land experience.<\/span><\/p>","protected":false},"excerpt":{"rendered":"<p>Tradici\u00f3n, vida de campo, asado patag\u00f3n, caballos, ovejas y la cultura gaucha del extremo sur. Una experiencia aut\u00e9ntica y cercana.<\/p>","protected":false},"featured_media":0,"comment_status":"open","ping_status":"closed","template":"","meta":[],"product_brand":[],"product_cat":[21,24],"product_tag":[],"class_list":{"0":"post-255","1":"product","2":"type-product","3":"status-publish","5":"product_cat-sin-categorizar","6":"product_cat-tour-catalogo","8":"first","9":"instock","10":"shipping-taxable","11":"product-type-simple"},"_links":{"self":[{"href":"https:\/\/patagonaenruta.cl\/en\/wp-json\/wp\/v2\/product\/255","targetHints":{"allow":["GET"]}}],"collection":[{"href":"https:\/\/patagonaenruta.cl\/en\/wp-json\/wp\/v2\/product"}],"about":[{"href":"https:\/\/patagonaenruta.cl\/en\/wp-json\/wp\/v2\/types\/product"}],"replies":[{"embeddable":true,"href":"https:\/\/patagonaenruta.cl\/en\/wp-json\/wp\/v2\/comments?post=255"}],"wp:attachment":[{"href":"https:\/\/patagonaenruta.cl\/en\/wp-json\/wp\/v2\/media?parent=255"}],"wp:term":[{"taxonomy":"product_brand","embeddable":true,"href":"https:\/\/patagonaenruta.cl\/en\/wp-json\/wp\/v2\/product_brand?post=255"},{"taxonomy":"product_cat","embeddable":true,"href":"https:\/\/patagonaenruta.cl\/en\/wp-json\/wp\/v2\/product_cat?post=255"},{"taxonomy":"product_tag","embeddable":true,"href":"https:\/\/patagonaenruta.cl\/en\/wp-json\/wp\/v2\/product_tag?post=255"}],"curies":[{"name":"wp","href":"https:\/\/api.w.org\/{rel}","templated":true}]}}