{"id":423,"date":"2025-12-29T02:48:42","date_gmt":"2025-12-29T02:48:42","guid":{"rendered":"https:\/\/patagonaenruta.cl\/?page_id=423"},"modified":"2026-01-14T01:33:58","modified_gmt":"2026-01-14T01:33:58","slug":"metodos-de-pago-y-politica-de-moneda","status":"publish","type":"page","link":"https:\/\/patagonaenruta.cl\/en\/metodos-de-pago-y-politica-de-moneda\/","title":{"rendered":"Payment Methods &amp; Currency"},"content":{"rendered":"<style>.elementor-423 .elementor-element.elementor-element-08c06b0{--display:flex;--flex-direction:column;--container-widget-width:100%;--container-widget-height:initial;--container-widget-flex-grow:0;--container-widget-align-self:initial;--flex-wrap-mobile:wrap;--margin-top:0px;--margin-bottom:0px;--margin-left:0px;--margin-right:0px;--padding-top:200px;--padding-bottom:120px;--padding-left:20px;--padding-right:20px;}.elementor-423 .elementor-element.elementor-element-08c06b0:not(.elementor-motion-effects-element-type-background), .elementor-423 .elementor-element.elementor-element-08c06b0 > .elementor-motion-effects-container > .elementor-motion-effects-layer{background-color:var( --e-global-color-64ff9c5 );}.elementor-423 .elementor-element.elementor-element-4382fe2{text-align:center;}.elementor-423 .elementor-element.elementor-element-4382fe2 .elementor-heading-title{font-family:var( --e-global-typography-331b652-font-family ), Sans-serif;font-size:var( --e-global-typography-331b652-font-size );font-weight:var( --e-global-typography-331b652-font-weight );line-height:var( --e-global-typography-331b652-line-height );letter-spacing:var( --e-global-typography-331b652-letter-spacing );color:var( --e-global-color-primary );}.elementor-423 .elementor-element.elementor-element-77d81e7 .elementor-icon-list-items:not(.elementor-inline-items) .elementor-icon-list-item:not(:last-child){padding-block-end:calc(24px\/2);}.elementor-423 .elementor-element.elementor-element-77d81e7 .elementor-icon-list-items:not(.elementor-inline-items) .elementor-icon-list-item:not(:first-child){margin-block-start:calc(24px\/2);}.elementor-423 .elementor-element.elementor-element-77d81e7 .elementor-icon-list-items.elementor-inline-items .elementor-icon-list-item{margin-inline:calc(24px\/2);}.elementor-423 .elementor-element.elementor-element-77d81e7 .elementor-icon-list-items.elementor-inline-items{margin-inline:calc(-24px\/2);}.elementor-423 .elementor-element.elementor-element-77d81e7 .elementor-icon-list-items.elementor-inline-items .elementor-icon-list-item:after{inset-inline-end:calc(-24px\/2);}.elementor-423 .elementor-element.elementor-element-77d81e7 .elementor-icon-list-icon i{transition:color 0.3s;}.elementor-423 .elementor-element.elementor-element-77d81e7 .elementor-icon-list-icon svg{transition:fill 0.3s;}.elementor-423 .elementor-element.elementor-element-77d81e7{--e-icon-list-icon-size:14px;--icon-vertical-offset:0px;}.elementor-423 .elementor-element.elementor-element-77d81e7 .elementor-icon-list-item > .elementor-icon-list-text, .elementor-423 .elementor-element.elementor-element-77d81e7 .elementor-icon-list-item > a{font-family:var( --e-global-typography-1f1b51e-font-family ), Sans-serif;font-size:var( --e-global-typography-1f1b51e-font-size );font-weight:var( --e-global-typography-1f1b51e-font-weight );text-transform:var( --e-global-typography-1f1b51e-text-transform );line-height:var( --e-global-typography-1f1b51e-line-height );letter-spacing:var( --e-global-typography-1f1b51e-letter-spacing );}.elementor-423 .elementor-element.elementor-element-77d81e7 .elementor-icon-list-text{color:var( --e-global-color-primary );transition:color 0.3s;}.elementor-423 .elementor-element.elementor-element-77d81e7 .elementor-icon-list-item:hover .elementor-icon-list-text{color:var( --e-global-color-b49c35c );}.elementor-423 .elementor-element.elementor-element-0d34549{--display:flex;--margin-top:0px;--margin-bottom:0px;--margin-left:0px;--margin-right:0px;--padding-top:50px;--padding-bottom:70px;--padding-left:20px;--padding-right:20px;}.elementor-423 .elementor-element.elementor-element-84cbe03{margin:0px 0px calc(var(--kit-widget-spacing, 0px) + 0px) 0px;padding:0px 0px 0px 0px;}:root{--page-title-display:none;}@media(max-width:1024px){.elementor-423 .elementor-element.elementor-element-4382fe2 .elementor-heading-title{font-size:var( --e-global-typography-331b652-font-size );line-height:var( --e-global-typography-331b652-line-height );letter-spacing:var( --e-global-typography-331b652-letter-spacing );}.elementor-423 .elementor-element.elementor-element-77d81e7 .elementor-icon-list-item > .elementor-icon-list-text, .elementor-423 .elementor-element.elementor-element-77d81e7 .elementor-icon-list-item > a{font-size:var( --e-global-typography-1f1b51e-font-size );line-height:var( --e-global-typography-1f1b51e-line-height );letter-spacing:var( --e-global-typography-1f1b51e-letter-spacing );}}@media(max-width:767px){.elementor-423 .elementor-element.elementor-element-08c06b0{--padding-top:130px;--padding-bottom:80px;--padding-left:20px;--padding-right:20px;}.elementor-423 .elementor-element.elementor-element-4382fe2 .elementor-heading-title{font-size:var( --e-global-typography-331b652-font-size );line-height:var( --e-global-typography-331b652-line-height );letter-spacing:var( --e-global-typography-331b652-letter-spacing );}.elementor-423 .elementor-element.elementor-element-77d81e7 .elementor-icon-list-item > .elementor-icon-list-text, .elementor-423 .elementor-element.elementor-element-77d81e7 .elementor-icon-list-item > a{font-size:var( --e-global-typography-1f1b51e-font-size );line-height:var( --e-global-typography-1f1b51e-line-height );letter-spacing:var( --e-global-typography-1f1b51e-letter-spacing );}}<\/style>\t\t<div data-elementor-type=\"wp-page\" data-elementor-id=\"423\" class=\"elementor elementor-423\" data-elementor-post-type=\"page\">\n\t\t\t\t<div class=\"elementor-element elementor-element-08c06b0 e-flex e-con-boxed e-con e-parent\" data-id=\"08c06b0\" data-element_type=\"container\" data-settings=\"{&quot;background_background&quot;:&quot;classic&quot;}\">\n\t\t\t\t\t<div class=\"e-con-inner\">\n\t\t\t\t<div class=\"elementor-element elementor-element-4382fe2 elementor-invisible elementor-widget elementor-widget-heading\" data-id=\"4382fe2\" data-element_type=\"widget\" data-settings=\"{&quot;_animation&quot;:&quot;zoomIn&quot;}\" data-widget_type=\"heading.default\">\n\t\t\t\t\t<h1 class=\"elementor-heading-title elementor-size-default\">Payment Methods &amp; Currency<\/h1>\t\t\t\t<\/div>\n\t\t\t\t<div class=\"elementor-element elementor-element-77d81e7 elementor-icon-list--layout-inline elementor-align-center elementor-list-item-link-full_width elementor-widget elementor-widget-icon-list\" data-id=\"77d81e7\" data-element_type=\"widget\" data-widget_type=\"icon-list.default\">\n\t\t\t\t\t\t\t<ul class=\"elementor-icon-list-items elementor-inline-items\">\n\t\t\t\t\t\t\t<li class=\"elementor-icon-list-item elementor-inline-item\">\n\t\t\t\t\t\t\t\t\t\t<span class=\"elementor-icon-list-text\">HOME<\/span>\n\t\t\t\t\t\t\t\t\t<\/li>\n\t\t\t\t\t\t\t\t<li class=\"elementor-icon-list-item elementor-inline-item\">\n\t\t\t\t\t\t\t\t\t\t<span class=\"elementor-icon-list-text\">\/<\/span>\n\t\t\t\t\t\t\t\t\t<\/li>\n\t\t\t\t\t\t\t\t<li class=\"elementor-icon-list-item elementor-inline-item\">\n\t\t\t\t\t\t\t\t\t\t<span class=\"elementor-icon-list-text\">Payment Methods &amp; Currency<\/span>\n\t\t\t\t\t\t\t\t\t<\/li>\n\t\t\t\t\t\t<\/ul>\n\t\t\t\t\t\t<\/div>\n\t\t\t\t\t<\/div>\n\t\t\t\t<\/div>\n\t\t<div class=\"elementor-element elementor-element-0d34549 e-flex e-con-boxed e-con e-parent\" data-id=\"0d34549\" data-element_type=\"container\">\n\t\t\t\t\t<div class=\"e-con-inner\">\n\t\t\t\t<div class=\"elementor-element elementor-element-84cbe03 elementor-widget elementor-widget-text-editor\" data-id=\"84cbe03\" data-element_type=\"widget\" data-widget_type=\"text-editor.default\">\n\t\t\t\t\t\t\t\t\t<h3><span style=\"font-weight: 400;\">1. Accepted Payment Methods<\/span><\/h3><p><span style=\"font-weight: 400;\">Payments for tourism services offered by Patagona en Ruta may be made using the following methods:<\/span><\/p><ol><li><span style=\"font-weight: 400;\"><strong>a) Bank Transfer to Banco Santander Checking Account (Chile)<\/strong><br \/><br \/><\/span>Bank transfers may include additional banking fees.<br \/><br \/>All associated charges must be covered by the client.<\/li><\/ol><p>\u00a0<\/p><ol><li><span style=\"font-weight: 400;\"><strong>b) WebPay Payment Link<\/strong><br \/><br \/><\/span>Transactions made through WebPay are subject to fees applied by the payment gateway.<br \/><br \/>These fees will be added to the final amount payable by the client.<\/li><\/ol><p>\u00a0<\/p><ol><li><span style=\"font-weight: 400;\"><strong>c) International Transfers<\/strong><br \/><br \/><\/span>Payments sent from abroad may generate fees charged by issuing or intermediary banks.<br \/><br \/>The client is responsible for covering the full amount of these additional charges.<\/li><\/ol><p>\u00a0<\/p><h3><span style=\"font-weight: 400;\">2. Currency and Exchange Rate Policy for Foreign Passengers<\/span><\/h3><p><span style=\"font-weight: 400;\"><strong>a) Fixed Exchange Rate<\/strong><br \/><br \/><\/span>For sales directed to foreign passengers, Patagona en Ruta establishes a fixed U.S. dollar exchange rate at the time of\u0430\u0434\u0430 quotation or booking. This rate will remain unchanged for the corresponding transaction.<\/p><p><strong>b) Payments in Foreign Currency<\/strong><\/p><p><span style=\"font-weight: 400;\">If the client makes payments in a currency other than the one indicated, the amount will be converted according to the fixed U.S. dollar exchange rate previously communicated by Patagona en Ruta.<\/span><\/p>\t\t\t\t\t\t\t\t<\/div>\n\t\t\t\t\t<\/div>\n\t\t\t\t<\/div>\n\t\t\t\t<\/div>","protected":false},"excerpt":{"rendered":"<p>M\u00e9todos de Pago y Pol\u00edtica de Moneda Home \/ M\u00e9todos de Pago y Pol\u00edtica de Moneda 1.\u2060 \u2060M\u00e9todos de Pago Aceptados Los pagos por servicios tur\u00edsticos ofrecidos por Patagona en Ruta pueden realizarse a trav\u00e9s de los siguientes medios: a) Transferencia a cuenta corriente Banco Santander (Chile) Las transferencias pueden incluir comisiones bancarias adicionales. Todos [&hellip;]<\/p>","protected":false},"author":1,"featured_media":0,"parent":0,"menu_order":0,"comment_status":"closed","ping_status":"closed","template":"","meta":{"footnotes":""},"class_list":["post-423","page","type-page","status-publish","hentry"],"_links":{"self":[{"href":"https:\/\/patagonaenruta.cl\/en\/wp-json\/wp\/v2\/pages\/423","targetHints":{"allow":["GET"]}}],"collection":[{"href":"https:\/\/patagonaenruta.cl\/en\/wp-json\/wp\/v2\/pages"}],"about":[{"href":"https:\/\/patagonaenruta.cl\/en\/wp-json\/wp\/v2\/types\/page"}],"author":[{"embeddable":true,"href":"https:\/\/patagonaenruta.cl\/en\/wp-json\/wp\/v2\/users\/1"}],"replies":[{"embeddable":true,"href":"https:\/\/patagonaenruta.cl\/en\/wp-json\/wp\/v2\/comments?post=423"}],"version-history":[{"count":7,"href":"https:\/\/patagonaenruta.cl\/en\/wp-json\/wp\/v2\/pages\/423\/revisions"}],"predecessor-version":[{"id":748,"href":"https:\/\/patagonaenruta.cl\/en\/wp-json\/wp\/v2\/pages\/423\/revisions\/748"}],"wp:attachment":[{"href":"https:\/\/patagonaenruta.cl\/en\/wp-json\/wp\/v2\/media?parent=423"}],"curies":[{"name":"wp","href":"https:\/\/api.w.org\/{rel}","templated":true}]}}